{"id":105,"date":"2020-04-16T07:53:18","date_gmt":"2020-04-16T07:53:18","guid":{"rendered":"https:\/\/demos.kadencewp.com\/food\/?page_id=105"},"modified":"2025-09-10T15:04:19","modified_gmt":"2025-09-10T15:04:19","slug":"home","status":"publish","type":"page","link":"https:\/\/karate-nowysacz.pl\/nkskk\/","title":{"rendered":"Home"},"content":{"rendered":"<style>.kb-row-layout-id105_a0c587-47 > .kt-row-column-wrap{align-content:start;}:where(.kb-row-layout-id105_a0c587-47 > .kt-row-column-wrap) > .wp-block-kadence-column{justify-content:start;}.kb-row-layout-id105_a0c587-47 > .kt-row-column-wrap{column-gap:var(--global-kb-gap-md, 2rem);row-gap:var(--global-kb-gap-md, 2rem);max-width:1200px;margin-left:auto;margin-right:auto;padding-top:50px;padding-bottom:50px;min-height:400px;}.kb-row-layout-id105_a0c587-47 > .kt-row-column-wrap > div:not(.added-for-specificity){grid-column:initial;}.kb-row-layout-id105_a0c587-47 > .kt-row-column-wrap{grid-template-columns:repeat(3, minmax(0, 1fr));}.kb-row-layout-id105_a0c587-47{background-image:url('https:\/\/karate-nowysacz.pl\/nkskk\/wp-content\/uploads\/2025\/08\/DOJO-scaled.jpg');background-size:contain;background-position:52% 47%;background-attachment:scroll;background-repeat:no-repeat;}.kb-row-layout-id105_a0c587-47 > .kt-row-layout-overlay{opacity:0.00;background-color:rgba(248, 249, 250, 0);mix-blend-mode:color;}.kb-row-layout-id105_a0c587-47 .kt-row-layout-bottom-sep{height:100px;}.kb-row-layout-id105_a0c587-47 .kt-row-layout-bottom-sep svg{width:100%;}.kb-row-layout-id105_a0c587-47 .kt-row-layout-bottom-sep svg{fill:#ffffff!important;}@media all and (max-width: 1024px){.kb-row-layout-id105_a0c587-47 > .kt-row-column-wrap{padding-top:120px;padding-bottom:120px;grid-template-columns:repeat(3, minmax(0, 1fr));}}@media all and (max-width: 1024px){.kb-row-layout-id105_a0c587-47 > .kt-row-column-wrap > div:not(.added-for-specificity){grid-column:initial;}}@media all and (max-width: 1024px){.kb-row-layout-id105_a0c587-47 .kt-row-layout-bottom-sep{height:px;}}@media all and (max-width: 1024px){.kb-row-layout-id105_a0c587-47 .kt-row-layout-bottom-sep svg{width:%;}}@media all and (max-width: 767px){.kb-row-layout-id105_a0c587-47 > .kt-row-column-wrap{padding-top:100px;padding-bottom:100px;grid-template-columns:minmax(0, 1fr);}.kb-row-layout-id105_a0c587-47 > .kt-row-column-wrap > div:not(.added-for-specificity){grid-column:initial;}.kb-row-layout-id105_a0c587-47 .kt-row-layout-bottom-sep{height:px;}.kb-row-layout-id105_a0c587-47 .kt-row-layout-bottom-sep svg{width:%;}}<\/style><div class=\"kb-row-layout-wrap kb-row-layout-id105_a0c587-47 alignfull has-theme-palette9-background-color kt-row-has-bg wp-block-kadence-rowlayout\"><div class=\"kt-row-layout-overlay kt-row-overlay-normal\"><\/div><div class=\"kt-row-column-wrap kt-has-3-columns kt-row-layout-equal kt-tab-layout-inherit kt-mobile-layout-row kt-row-valign-top\">\n<style>.kadence-column105_4f3910-ee > .kt-inside-inner-col,.kadence-column105_4f3910-ee > .kt-inside-inner-col:before{border-top-left-radius:0px;border-top-right-radius:0px;border-bottom-right-radius:0px;border-bottom-left-radius:0px;}.kadence-column105_4f3910-ee > .kt-inside-inner-col{column-gap:var(--global-kb-gap-sm, 1rem);}.kadence-column105_4f3910-ee > .kt-inside-inner-col{flex-direction:column;}.kadence-column105_4f3910-ee > .kt-inside-inner-col > .aligncenter{width:100%;}.kadence-column105_4f3910-ee > .kt-inside-inner-col:before{opacity:0.3;}.kadence-column105_4f3910-ee{position:relative;}@media all and (max-width: 1024px){.kadence-column105_4f3910-ee > .kt-inside-inner-col{flex-direction:column;justify-content:center;}}@media all and (max-width: 767px){.kadence-column105_4f3910-ee > .kt-inside-inner-col{flex-direction:column;justify-content:center;}}<\/style>\n<div class=\"wp-block-kadence-column kadence-column105_4f3910-ee inner-column-1\"><div class=\"kt-inside-inner-col\"><\/div><\/div>\n\n\n<style>.kadence-column105_7f8de1-aa > .kt-inside-inner-col,.kadence-column105_7f8de1-aa > .kt-inside-inner-col:before{border-top-left-radius:0px;border-top-right-radius:0px;border-bottom-right-radius:0px;border-bottom-left-radius:0px;}.kadence-column105_7f8de1-aa > .kt-inside-inner-col{column-gap:var(--global-kb-gap-sm, 1rem);}.kadence-column105_7f8de1-aa > .kt-inside-inner-col{flex-direction:column;}.kadence-column105_7f8de1-aa > .kt-inside-inner-col > .aligncenter{width:100%;}.kadence-column105_7f8de1-aa > .kt-inside-inner-col:before{opacity:0.3;}.kadence-column105_7f8de1-aa{position:relative;}@media all and (max-width: 1024px){.kadence-column105_7f8de1-aa > .kt-inside-inner-col{flex-direction:column;justify-content:center;}}@media all and (max-width: 767px){.kadence-column105_7f8de1-aa > .kt-inside-inner-col{flex-direction:column;justify-content:center;}}<\/style>\n<div class=\"wp-block-kadence-column kadence-column105_7f8de1-aa inner-column-2\"><div class=\"kt-inside-inner-col\"><\/div><\/div>\n\n\n<style>.kadence-column105_bb808b-fc > .kt-inside-inner-col,.kadence-column105_bb808b-fc > .kt-inside-inner-col:before{border-top-left-radius:0px;border-top-right-radius:0px;border-bottom-right-radius:0px;border-bottom-left-radius:0px;}.kadence-column105_bb808b-fc > .kt-inside-inner-col{column-gap:var(--global-kb-gap-sm, 1rem);}.kadence-column105_bb808b-fc > .kt-inside-inner-col{flex-direction:column;}.kadence-column105_bb808b-fc > .kt-inside-inner-col > .aligncenter{width:100%;}.kadence-column105_bb808b-fc > .kt-inside-inner-col:before{opacity:0.3;}.kadence-column105_bb808b-fc{position:relative;}@media all and (max-width: 1024px){.kadence-column105_bb808b-fc > .kt-inside-inner-col{flex-direction:column;justify-content:center;}}@media all and (max-width: 767px){.kadence-column105_bb808b-fc > .kt-inside-inner-col{flex-direction:column;justify-content:center;}}<\/style>\n<div class=\"wp-block-kadence-column kadence-column105_bb808b-fc inner-column-3\"><div class=\"kt-inside-inner-col\"><\/div><\/div>\n\n<\/div><\/div>\n\n<style>.kb-row-layout-id105_9968fe-2d > .kt-row-column-wrap{align-content:start;}:where(.kb-row-layout-id105_9968fe-2d > .kt-row-column-wrap) > .wp-block-kadence-column{justify-content:start;}.kb-row-layout-id105_9968fe-2d > .kt-row-column-wrap{column-gap:var(--global-kb-gap-md, 2rem);row-gap:var(--global-kb-gap-md, 2rem);padding-top:50px;padding-bottom:80px;grid-template-columns:minmax(0, 1fr);}.kb-row-layout-id105_9968fe-2d > .kt-row-layout-overlay{opacity:0.30;}@media all and (max-width: 1024px){.kb-row-layout-id105_9968fe-2d > .kt-row-column-wrap{grid-template-columns:minmax(0, 1fr);}}@media all and (max-width: 767px){.kb-row-layout-id105_9968fe-2d > .kt-row-column-wrap{grid-template-columns:minmax(0, 1fr);}}<\/style><div class=\"kb-row-layout-wrap kb-row-layout-id105_9968fe-2d alignnone wp-block-kadence-rowlayout\"><div class=\"kt-row-column-wrap kt-has-1-columns kt-row-layout-equal kt-tab-layout-inherit kt-mobile-layout-row kt-row-valign-top\">\n<style>.kadence-column105_e65140-01 > .kt-inside-inner-col,.kadence-column105_e65140-01 > .kt-inside-inner-col:before{border-top-left-radius:0px;border-top-right-radius:0px;border-bottom-right-radius:0px;border-bottom-left-radius:0px;}.kadence-column105_e65140-01 > .kt-inside-inner-col{column-gap:var(--global-kb-gap-sm, 1rem);}.kadence-column105_e65140-01 > .kt-inside-inner-col{flex-direction:column;}.kadence-column105_e65140-01 > .kt-inside-inner-col > .aligncenter{width:100%;}.kadence-column105_e65140-01 > .kt-inside-inner-col:before{opacity:0.3;}.kadence-column105_e65140-01{position:relative;}@media all and (max-width: 1024px){.kadence-column105_e65140-01 > .kt-inside-inner-col{flex-direction:column;justify-content:center;}}@media all and (max-width: 767px){.kadence-column105_e65140-01 > .kt-inside-inner-col{flex-direction:column;justify-content:center;}}<\/style>\n<div class=\"wp-block-kadence-column kadence-column105_e65140-01 inner-column-1\"><div class=\"kt-inside-inner-col\"><style>.wp-block-kadence-advancedheading.kt-adv-heading105_bbe851-87, .wp-block-kadence-advancedheading.kt-adv-heading105_bbe851-87[data-kb-block=\"kb-adv-heading105_bbe851-87\"]{text-align:center;font-weight:normal;font-style:normal;}.wp-block-kadence-advancedheading.kt-adv-heading105_bbe851-87 mark.kt-highlight, .wp-block-kadence-advancedheading.kt-adv-heading105_bbe851-87[data-kb-block=\"kb-adv-heading105_bbe851-87\"] mark.kt-highlight{font-weight:normal;font-style:normal;color:#f76a0c;-webkit-box-decoration-break:clone;box-decoration-break:clone;padding-top:0px;padding-right:0px;padding-bottom:0px;padding-left:0px;}.wp-block-kadence-advancedheading.kt-adv-heading105_bbe851-87 img.kb-inline-image, .wp-block-kadence-advancedheading.kt-adv-heading105_bbe851-87[data-kb-block=\"kb-adv-heading105_bbe851-87\"] img.kb-inline-image{width:150px;vertical-align:baseline;}<\/style>\n<h2 class=\"kt-adv-heading105_bbe851-87 wp-block-kadence-advancedheading\" data-kb-block=\"kb-adv-heading105_bbe851-87\">Aktualno\u015bci<\/h2>\n\n\n<ul class=\"wp-block-latest-posts__list is-grid columns-3 has-dates wp-block-latest-posts\"><li><div class=\"wp-block-latest-posts__featured-image\"><img loading=\"lazy\" decoding=\"async\" width=\"2560\" height=\"1441\" src=\"https:\/\/karate-nowysacz.pl\/nkskk\/wp-content\/uploads\/2026\/04\/a-scaled.jpg\" class=\"attachment-wpzoom-rcb-block-header size-wpzoom-rcb-block-header wp-post-image\" alt=\"\" style=\"\" srcset=\"https:\/\/karate-nowysacz.pl\/nkskk\/wp-content\/uploads\/2026\/04\/a-scaled.jpg 2560w, https:\/\/karate-nowysacz.pl\/nkskk\/wp-content\/uploads\/2026\/04\/a-300x169.jpg 300w, https:\/\/karate-nowysacz.pl\/nkskk\/wp-content\/uploads\/2026\/04\/a-1024x576.jpg 1024w, https:\/\/karate-nowysacz.pl\/nkskk\/wp-content\/uploads\/2026\/04\/a-768x432.jpg 768w, https:\/\/karate-nowysacz.pl\/nkskk\/wp-content\/uploads\/2026\/04\/a-1536x864.jpg 1536w, https:\/\/karate-nowysacz.pl\/nkskk\/wp-content\/uploads\/2026\/04\/a-2048x1153.jpg 2048w\" sizes=\"auto, (max-width: 2560px) 100vw, 2560px\" \/><\/div><a class=\"wp-block-latest-posts__post-title\" href=\"https:\/\/karate-nowysacz.pl\/nkskk\/klaudia-kowalska-zlota-medalistka37-mistrzostw-europy-kyokushin-karate-swinoujscie-ahlbeck-24-25-04-2026\/\">Klaudia Kowalska z\u0142ot\u0105 medalistk\u010537 Mistrzostw Europy Kyokushin Karate \u015awinouj\u015bcie &#8211; Ahlbeck, 24-25.04.2026<\/a><time datetime=\"2026-04-28T17:54:02+00:00\" class=\"wp-block-latest-posts__post-date\">28 kwietnia, 2026<\/time><div class=\"wp-block-latest-posts__post-excerpt\">W reprezentacji Polski wyst\u0105pi\u0142o 4 zawodnik\u00f3w Nowos\u0105deckiego Klubu Sportowego Karate Kyokushin: Cornelia Franus, Klaudia Kowalska, Emilia Tuczy\u0144ska i Filip Krzepina.S\u0119dzi\u0105 Mistrzostw by\u0142 shihan&#8230;<\/div><\/li>\n<li><div class=\"wp-block-latest-posts__featured-image\"><img loading=\"lazy\" decoding=\"async\" width=\"2560\" height=\"1441\" src=\"https:\/\/karate-nowysacz.pl\/nkskk\/wp-content\/uploads\/2026\/04\/1-scaled.jpg\" class=\"attachment-wpzoom-rcb-block-header size-wpzoom-rcb-block-header wp-post-image\" alt=\"\" style=\"\" srcset=\"https:\/\/karate-nowysacz.pl\/nkskk\/wp-content\/uploads\/2026\/04\/1-scaled.jpg 2560w, https:\/\/karate-nowysacz.pl\/nkskk\/wp-content\/uploads\/2026\/04\/1-300x169.jpg 300w, https:\/\/karate-nowysacz.pl\/nkskk\/wp-content\/uploads\/2026\/04\/1-1024x576.jpg 1024w, https:\/\/karate-nowysacz.pl\/nkskk\/wp-content\/uploads\/2026\/04\/1-768x432.jpg 768w, https:\/\/karate-nowysacz.pl\/nkskk\/wp-content\/uploads\/2026\/04\/1-1536x864.jpg 1536w, https:\/\/karate-nowysacz.pl\/nkskk\/wp-content\/uploads\/2026\/04\/1-2048x1153.jpg 2048w\" sizes=\"auto, (max-width: 2560px) 100vw, 2560px\" \/><\/div><a class=\"wp-block-latest-posts__post-title\" href=\"https:\/\/karate-nowysacz.pl\/nkskk\/mistrzostwa-makroregionu-centralnego-kyokushin-oraz-miedzywojewodzkie-mistrzostwa-mlodzikow-kaszow-liszki-11-04-2026\/\">Mistrzostwa Makroregionu Centralnego Kyokushin oraz Mi\u0119dzywojew\u00f3dzkie Mistrzostwa M\u0142odzik\u00f3w. Kasz\u00f3w-Liszki 11.04.2026<\/a><time datetime=\"2026-04-15T02:38:22+00:00\" class=\"wp-block-latest-posts__post-date\">15 kwietnia, 2026<\/time><div class=\"wp-block-latest-posts__post-excerpt\">W Mistrzostwach wzi\u0119\u0142o udzia\u0142 ponad 200 zawodnik\u00f3w z 23 klub\u00f3w karate.Nowos\u0105decki Klub Sportowy Karate Kyokushin i Miasto Nowy S\u0105cz reprezentowa\u0142y Marlena Hajduk, Maja&#8230;<\/div><\/li>\n<li><div class=\"wp-block-latest-posts__featured-image\"><img loading=\"lazy\" decoding=\"async\" width=\"2560\" height=\"1441\" src=\"https:\/\/karate-nowysacz.pl\/nkskk\/wp-content\/uploads\/2026\/03\/1-1-scaled.jpg\" class=\"attachment-wpzoom-rcb-block-header size-wpzoom-rcb-block-header wp-post-image\" alt=\"\" style=\"\" srcset=\"https:\/\/karate-nowysacz.pl\/nkskk\/wp-content\/uploads\/2026\/03\/1-1-scaled.jpg 2560w, https:\/\/karate-nowysacz.pl\/nkskk\/wp-content\/uploads\/2026\/03\/1-1-300x169.jpg 300w, https:\/\/karate-nowysacz.pl\/nkskk\/wp-content\/uploads\/2026\/03\/1-1-1024x576.jpg 1024w, https:\/\/karate-nowysacz.pl\/nkskk\/wp-content\/uploads\/2026\/03\/1-1-768x432.jpg 768w, https:\/\/karate-nowysacz.pl\/nkskk\/wp-content\/uploads\/2026\/03\/1-1-1536x864.jpg 1536w, https:\/\/karate-nowysacz.pl\/nkskk\/wp-content\/uploads\/2026\/03\/1-1-2048x1153.jpg 2048w\" sizes=\"auto, (max-width: 2560px) 100vw, 2560px\" \/><\/div><a class=\"wp-block-latest-posts__post-title\" href=\"https:\/\/karate-nowysacz.pl\/nkskk\/v-mistrzostwa-malopolski-karate-kyokushin-nowy-targ-15-marca-2026r\/\">V Mistrzostwa Ma\u0142opolski Karate Kyokushin Nowy Targ \u2013 15 marca 2026r.<\/a><time datetime=\"2026-03-18T18:54:39+00:00\" class=\"wp-block-latest-posts__post-date\">18 marca, 2026<\/time><div class=\"wp-block-latest-posts__post-excerpt\">W Hali Sportowej Gorce walczy\u0142o 120 karateka w tym zawodniczki Nowos\u0105deckiego Klubu Sportowego Karate Kyokushin: Emilia Tuczy\u0144ska, Cornelia Franus, Monika Kowalik, Paulina Bomba&#8230;<\/div><\/li>\n<li><div class=\"wp-block-latest-posts__featured-image\"><img loading=\"lazy\" decoding=\"async\" width=\"2560\" height=\"1441\" src=\"https:\/\/karate-nowysacz.pl\/nkskk\/wp-content\/uploads\/2026\/03\/1-scaled.jpg\" class=\"attachment-wpzoom-rcb-block-header size-wpzoom-rcb-block-header wp-post-image\" alt=\"\" style=\"\" srcset=\"https:\/\/karate-nowysacz.pl\/nkskk\/wp-content\/uploads\/2026\/03\/1-scaled.jpg 2560w, https:\/\/karate-nowysacz.pl\/nkskk\/wp-content\/uploads\/2026\/03\/1-300x169.jpg 300w, https:\/\/karate-nowysacz.pl\/nkskk\/wp-content\/uploads\/2026\/03\/1-1024x576.jpg 1024w, https:\/\/karate-nowysacz.pl\/nkskk\/wp-content\/uploads\/2026\/03\/1-768x432.jpg 768w, https:\/\/karate-nowysacz.pl\/nkskk\/wp-content\/uploads\/2026\/03\/1-1536x864.jpg 1536w, https:\/\/karate-nowysacz.pl\/nkskk\/wp-content\/uploads\/2026\/03\/1-2048x1153.jpg 2048w\" sizes=\"auto, (max-width: 2560px) 100vw, 2560px\" \/><\/div><a class=\"wp-block-latest-posts__post-title\" href=\"https:\/\/karate-nowysacz.pl\/nkskk\/malopolska-liga-i-malopolska-olimpiada-karate-kyokushin-biecz-28-02-2026\/\">Ma\u0142opolska Liga i Ma\u0142opolska Olimpiada Karate Kyokushin Biecz 28.02.2026<\/a><time datetime=\"2026-03-04T17:29:47+00:00\" class=\"wp-block-latest-posts__post-date\">4 marca, 2026<\/time><div class=\"wp-block-latest-posts__post-excerpt\">Wszystkie zawodniczki naszego Klubu wywalczy\u0142y miejsca na podium.Emilia Tuczy\u0144ska, Cornelia Franus i Monika Kowalik w zdoby\u0142y I-sze miejsca w kategoriach wagowych kumite juniorek,&#8230;<\/div><\/li>\n<li><div class=\"wp-block-latest-posts__featured-image\"><img loading=\"lazy\" decoding=\"async\" width=\"2560\" height=\"1283\" src=\"https:\/\/karate-nowysacz.pl\/nkskk\/wp-content\/uploads\/2026\/02\/1a-scaled.jpg\" class=\"attachment-wpzoom-rcb-block-header size-wpzoom-rcb-block-header wp-post-image\" alt=\"\" style=\"\" srcset=\"https:\/\/karate-nowysacz.pl\/nkskk\/wp-content\/uploads\/2026\/02\/1a-scaled.jpg 2560w, https:\/\/karate-nowysacz.pl\/nkskk\/wp-content\/uploads\/2026\/02\/1a-300x150.jpg 300w, https:\/\/karate-nowysacz.pl\/nkskk\/wp-content\/uploads\/2026\/02\/1a-1024x513.jpg 1024w, https:\/\/karate-nowysacz.pl\/nkskk\/wp-content\/uploads\/2026\/02\/1a-768x385.jpg 768w, https:\/\/karate-nowysacz.pl\/nkskk\/wp-content\/uploads\/2026\/02\/1a-1536x770.jpg 1536w, https:\/\/karate-nowysacz.pl\/nkskk\/wp-content\/uploads\/2026\/02\/1a-2048x1026.jpg 2048w\" sizes=\"auto, (max-width: 2560px) 100vw, 2560px\" \/><\/div><a class=\"wp-block-latest-posts__post-title\" href=\"https:\/\/karate-nowysacz.pl\/nkskk\/egzamin-turniej-karate-kyokushin-nowy-sacz-31-01-2026r\/\">Egzamin &#8211; Turniej KARATE KYOKUSHIN Nowy S\u0105cz 31.01.2026r.<\/a><time datetime=\"2026-02-02T18:02:06+00:00\" class=\"wp-block-latest-posts__post-date\">2 lutego, 2026<\/time><div class=\"wp-block-latest-posts__post-excerpt\">W Hali Sportowo-Widowiskowej MOSiR w Nowym S\u0105czu 70 uczestnik\u00f3w trening\u00f3w z Nowos\u0105deckiego i Gorlickiego Klubu Karate Kyokushin wzi\u0119\u0142o udzia\u0142 w egzaminie na stopnie&#8230;<\/div><\/li>\n<li><div class=\"wp-block-latest-posts__featured-image\"><img loading=\"lazy\" decoding=\"async\" width=\"1861\" height=\"764\" src=\"https:\/\/karate-nowysacz.pl\/nkskk\/wp-content\/uploads\/2026\/01\/zgrup_zak_2026a.jpg\" class=\"attachment-wpzoom-rcb-block-header size-wpzoom-rcb-block-header wp-post-image\" alt=\"\" style=\"\" srcset=\"https:\/\/karate-nowysacz.pl\/nkskk\/wp-content\/uploads\/2026\/01\/zgrup_zak_2026a.jpg 1861w, https:\/\/karate-nowysacz.pl\/nkskk\/wp-content\/uploads\/2026\/01\/zgrup_zak_2026a-300x123.jpg 300w, https:\/\/karate-nowysacz.pl\/nkskk\/wp-content\/uploads\/2026\/01\/zgrup_zak_2026a-1024x420.jpg 1024w, https:\/\/karate-nowysacz.pl\/nkskk\/wp-content\/uploads\/2026\/01\/zgrup_zak_2026a-768x315.jpg 768w, https:\/\/karate-nowysacz.pl\/nkskk\/wp-content\/uploads\/2026\/01\/zgrup_zak_2026a-1536x631.jpg 1536w\" sizes=\"auto, (max-width: 1861px) 100vw, 1861px\" \/><\/div><a class=\"wp-block-latest-posts__post-title\" href=\"https:\/\/karate-nowysacz.pl\/nkskk\/noworoczne-zgrupowanie-kyokushin-mozk-w-zakopanem\/\">Noworoczne Zgrupowanie Kyokushin MOZK w Zakopanem<\/a><time datetime=\"2026-01-21T19:30:56+00:00\" class=\"wp-block-latest-posts__post-date\">21 stycznia, 2026<\/time><div class=\"wp-block-latest-posts__post-excerpt\">17 stycznia w Centralnym O\u015brodku Sportu w Zakopanem odby\u0142o si\u0119 ju\u017c po raz dwudziesty trzeci Zgrupowanie KUMITE Ma\u0142opolskiego Okr\u0119gowego Zwi\u0105zku Karate w kt\u00f3rym&#8230;<\/div><\/li>\n<\/ul><\/div><\/div>\n\n<\/div><\/div>","protected":false},"excerpt":{"rendered":"<p>Aktualno\u015bci<\/p>\n","protected":false},"author":1,"featured_media":1485,"parent":0,"menu_order":0,"comment_status":"closed","ping_status":"closed","template":"","meta":{"give_campaign_id":0,"_kadence_starter_templates_imported_post":true,"_kad_post_transparent":"","_kad_post_title":"hide","_kad_post_layout":"default","_kad_post_sidebar_id":"","_kad_post_content_style":"unboxed","_kad_post_vertical_padding":"hide","_kad_post_feature":"","_kad_post_feature_position":"","_kad_post_header":false,"_kad_post_footer":false,"_kad_post_classname":"","footnotes":""},"class_list":["post-105","page","type-page","status-publish","has-post-thumbnail","hentry"],"campaignId":"","_links":{"self":[{"href":"https:\/\/karate-nowysacz.pl\/nkskk\/wp-json\/wp\/v2\/pages\/105","targetHints":{"allow":["GET"]}}],"collection":[{"href":"https:\/\/karate-nowysacz.pl\/nkskk\/wp-json\/wp\/v2\/pages"}],"about":[{"href":"https:\/\/karate-nowysacz.pl\/nkskk\/wp-json\/wp\/v2\/types\/page"}],"author":[{"embeddable":true,"href":"https:\/\/karate-nowysacz.pl\/nkskk\/wp-json\/wp\/v2\/users\/1"}],"replies":[{"embeddable":true,"href":"https:\/\/karate-nowysacz.pl\/nkskk\/wp-json\/wp\/v2\/comments?post=105"}],"version-history":[{"count":15,"href":"https:\/\/karate-nowysacz.pl\/nkskk\/wp-json\/wp\/v2\/pages\/105\/revisions"}],"predecessor-version":[{"id":2825,"href":"https:\/\/karate-nowysacz.pl\/nkskk\/wp-json\/wp\/v2\/pages\/105\/revisions\/2825"}],"wp:featuredmedia":[{"embeddable":true,"href":"https:\/\/karate-nowysacz.pl\/nkskk\/wp-json\/wp\/v2\/media\/1485"}],"wp:attachment":[{"href":"https:\/\/karate-nowysacz.pl\/nkskk\/wp-json\/wp\/v2\/media?parent=105"}],"curies":[{"name":"wp","href":"https:\/\/api.w.org\/{rel}","templated":true}]}}