{"id":1346,"date":"2022-05-31T21:03:08","date_gmt":"2022-05-31T21:03:08","guid":{"rendered":"https:\/\/karate-nowysacz.pl\/nkskk\/?page_id=1346"},"modified":"2025-05-24T11:04:24","modified_gmt":"2025-05-24T11:04:24","slug":"treningi","status":"publish","type":"page","link":"https:\/\/karate-nowysacz.pl\/nkskk\/treningi\/","title":{"rendered":"Treningi"},"content":{"rendered":"\n<p class=\"has-text-align-center\"><strong>Treningi w budynku Hali Sportowej MOSiR ul. Nadbrze\u017cna 36 w sali karate DOJO &#8211; na parterze po lewej stronie.<\/strong><\/p>\n\n\n\n<p class=\"has-text-align-center\">GRUPA PODSTAWOWA: poniedzia\u0142ki i czwartki 17:15 \u2013 18:15 (zapisy)<\/p>\n\n\n\n<p class=\"has-text-align-center\">GRUPA DZIECI\u0118CA ZAAWANSOWANA: poniedzia\u0142ki i czwartki 18:30 \u2013 19:30<\/p>\n\n\n\n<p class=\"has-text-align-center\">GRUPA M\u0141ODZIE\u017bOWA ZAAWANSOWANA: wtorki i pi\u0105tki 18:30 &#8211; 19:45<\/p>\n\n\n\n<p class=\"has-text-align-center\">MO\u017bNA \u0106WICZY\u0106 WE WSZYSTKICH GRUPACH TRENINGOWYCH..<\/p>\n\n\n\n<p class=\"has-text-align-center\">ZAPISY DO WSZYSTKICH GRUP TRENINGOWYCH PRZEZ CA\u0141Y ROK<\/p>\n","protected":false},"excerpt":{"rendered":"<p>Treningi w budynku Hali Sportowej MOSiR ul. Nadbrze\u017cna 36 w sali karate DOJO &#8211; na parterze po lewej stronie. GRUPA PODSTAWOWA: poniedzia\u0142ki i czwartki 17:15 \u2013 18:15 (zapisy) GRUPA DZIECI\u0118CA ZAAWANSOWANA: poniedzia\u0142ki i czwartki 18:30 \u2013 19:30 GRUPA M\u0141ODZIE\u017bOWA ZAAWANSOWANA: wtorki i pi\u0105tki 18:30 &#8211; 19:45 MO\u017bNA \u0106WICZY\u0106 WE WSZYSTKICH GRUPACH TRENINGOWYCH.. ZAPISY DO WSZYSTKICH&#8230;<\/p>\n","protected":false},"author":1,"featured_media":0,"parent":0,"menu_order":0,"comment_status":"closed","ping_status":"closed","template":"","meta":{"give_campaign_id":0,"_kadence_starter_templates_imported_post":false,"_kad_post_transparent":"","_kad_post_title":"","_kad_post_layout":"","_kad_post_sidebar_id":"","_kad_post_content_style":"","_kad_post_vertical_padding":"","_kad_post_feature":"","_kad_post_feature_position":"","_kad_post_header":false,"_kad_post_footer":false,"_kad_post_classname":"","footnotes":""},"class_list":["post-1346","page","type-page","status-publish","hentry"],"campaignId":"","_links":{"self":[{"href":"https:\/\/karate-nowysacz.pl\/nkskk\/wp-json\/wp\/v2\/pages\/1346","targetHints":{"allow":["GET"]}}],"collection":[{"href":"https:\/\/karate-nowysacz.pl\/nkskk\/wp-json\/wp\/v2\/pages"}],"about":[{"href":"https:\/\/karate-nowysacz.pl\/nkskk\/wp-json\/wp\/v2\/types\/page"}],"author":[{"embeddable":true,"href":"https:\/\/karate-nowysacz.pl\/nkskk\/wp-json\/wp\/v2\/users\/1"}],"replies":[{"embeddable":true,"href":"https:\/\/karate-nowysacz.pl\/nkskk\/wp-json\/wp\/v2\/comments?post=1346"}],"version-history":[{"count":14,"href":"https:\/\/karate-nowysacz.pl\/nkskk\/wp-json\/wp\/v2\/pages\/1346\/revisions"}],"predecessor-version":[{"id":2703,"href":"https:\/\/karate-nowysacz.pl\/nkskk\/wp-json\/wp\/v2\/pages\/1346\/revisions\/2703"}],"wp:attachment":[{"href":"https:\/\/karate-nowysacz.pl\/nkskk\/wp-json\/wp\/v2\/media?parent=1346"}],"curies":[{"name":"wp","href":"https:\/\/api.w.org\/{rel}","templated":true}]}}