{"id":1351,"date":"2022-05-31T21:10:12","date_gmt":"2022-05-31T21:10:12","guid":{"rendered":"https:\/\/karate-nowysacz.pl\/nkskk\/?page_id=1351"},"modified":"2022-05-31T21:10:12","modified_gmt":"2022-05-31T21:10:12","slug":"rodo","status":"publish","type":"page","link":"https:\/\/karate-nowysacz.pl\/nkskk\/rodo\/","title":{"rendered":"RODO"},"content":{"rendered":"\n<p><strong>Klauzula informacyjna dla cz\u0142onk\u00f3w Stowarzyszenia<\/strong> <\/p>\n\n\n\n<div class=\"wp-block-file\"><a id=\"wp-block-file--media-3779e3e8-26f6-42bb-8ff9-b06b58a4f28d\" href=\"https:\/\/karate-nowysacz.pl\/nkskk\/wp-content\/uploads\/2022\/05\/klauzula_informacyjna-czlonkowie.pdf\">klauzula_informacyjna-czlonkowie<\/a><a href=\"https:\/\/karate-nowysacz.pl\/nkskk\/wp-content\/uploads\/2022\/05\/klauzula_informacyjna-czlonkowie.pdf\" class=\"wp-block-file__button\" download aria-describedby=\"wp-block-file--media-3779e3e8-26f6-42bb-8ff9-b06b58a4f28d\">Pobierz<\/a><\/div>\n\n\n\n<p><\/p>\n\n\n\n<p>Klauzula informacyjna &#8211; rejestr korespondencyjny<\/p>\n\n\n\n<div class=\"wp-block-file\"><a id=\"wp-block-file--media-1ea982ed-312c-4d93-bb77-cda0399484a1\" href=\"https:\/\/karate-nowysacz.pl\/nkskk\/wp-content\/uploads\/2022\/05\/klauzula_informacyjna-rejestrkorespondencja.pdf\">klauzula_informacyjna-rejestrkorespondencja<\/a><a href=\"https:\/\/karate-nowysacz.pl\/nkskk\/wp-content\/uploads\/2022\/05\/klauzula_informacyjna-rejestrkorespondencja.pdf\" class=\"wp-block-file__button\" download aria-describedby=\"wp-block-file--media-1ea982ed-312c-4d93-bb77-cda0399484a1\">Pobierz<\/a><\/div>\n\n\n\n<p><\/p>\n\n\n\n<p>Klauzula informacyjna &#8211; uczestnicy projekt\u00f3w<\/p>\n\n\n\n<div class=\"wp-block-file\"><a id=\"wp-block-file--media-16258a2f-3f07-47b1-aee7-a1c006d930e9\" href=\"https:\/\/karate-nowysacz.pl\/nkskk\/wp-content\/uploads\/2022\/05\/klauzula_informacyjna-uczestnicy_projektow.pdf\">klauzula_informacyjna-uczestnicy_projektow<\/a><a href=\"https:\/\/karate-nowysacz.pl\/nkskk\/wp-content\/uploads\/2022\/05\/klauzula_informacyjna-uczestnicy_projektow.pdf\" class=\"wp-block-file__button\" download aria-describedby=\"wp-block-file--media-16258a2f-3f07-47b1-aee7-a1c006d930e9\">Pobierz<\/a><\/div>\n\n\n\n<p><\/p>\n\n\n\n<p>Klauzula informacyjna dla wolontariuszy<\/p>\n\n\n\n<div class=\"wp-block-file\"><a id=\"wp-block-file--media-1204c1e3-3963-4a99-95a5-32a4741812bf\" href=\"https:\/\/karate-nowysacz.pl\/nkskk\/wp-content\/uploads\/2022\/05\/klauzula_informacyjna-wolontariusze.pdf\">klauzula_informacyjna-wolontariusze<\/a><a href=\"https:\/\/karate-nowysacz.pl\/nkskk\/wp-content\/uploads\/2022\/05\/klauzula_informacyjna-wolontariusze.pdf\" class=\"wp-block-file__button\" download aria-describedby=\"wp-block-file--media-1204c1e3-3963-4a99-95a5-32a4741812bf\">Pobierz<\/a><\/div>\n","protected":false},"excerpt":{"rendered":"<p>Klauzula informacyjna dla cz\u0142onk\u00f3w Stowarzyszenia Klauzula informacyjna &#8211; rejestr korespondencyjny Klauzula informacyjna &#8211; uczestnicy projekt\u00f3w Klauzula informacyjna dla wolontariuszy<\/p>\n","protected":false},"author":1,"featured_media":0,"parent":0,"menu_order":0,"comment_status":"closed","ping_status":"closed","template":"","meta":{"give_campaign_id":0,"_kadence_starter_templates_imported_post":false,"_kad_post_transparent":"","_kad_post_title":"","_kad_post_layout":"","_kad_post_sidebar_id":"","_kad_post_content_style":"","_kad_post_vertical_padding":"","_kad_post_feature":"","_kad_post_feature_position":"","_kad_post_header":false,"_kad_post_footer":false,"_kad_post_classname":"","footnotes":""},"class_list":["post-1351","page","type-page","status-publish","hentry"],"campaignId":"","_links":{"self":[{"href":"https:\/\/karate-nowysacz.pl\/nkskk\/wp-json\/wp\/v2\/pages\/1351","targetHints":{"allow":["GET"]}}],"collection":[{"href":"https:\/\/karate-nowysacz.pl\/nkskk\/wp-json\/wp\/v2\/pages"}],"about":[{"href":"https:\/\/karate-nowysacz.pl\/nkskk\/wp-json\/wp\/v2\/types\/page"}],"author":[{"embeddable":true,"href":"https:\/\/karate-nowysacz.pl\/nkskk\/wp-json\/wp\/v2\/users\/1"}],"replies":[{"embeddable":true,"href":"https:\/\/karate-nowysacz.pl\/nkskk\/wp-json\/wp\/v2\/comments?post=1351"}],"version-history":[{"count":1,"href":"https:\/\/karate-nowysacz.pl\/nkskk\/wp-json\/wp\/v2\/pages\/1351\/revisions"}],"predecessor-version":[{"id":1356,"href":"https:\/\/karate-nowysacz.pl\/nkskk\/wp-json\/wp\/v2\/pages\/1351\/revisions\/1356"}],"wp:attachment":[{"href":"https:\/\/karate-nowysacz.pl\/nkskk\/wp-json\/wp\/v2\/media?parent=1351"}],"curies":[{"name":"wp","href":"https:\/\/api.w.org\/{rel}","templated":true}]}}