{"id":1432,"date":"2022-06-09T03:35:32","date_gmt":"2022-06-09T03:35:32","guid":{"rendered":"https:\/\/karate-nowysacz.pl\/nkskk\/?page_id=1432"},"modified":"2024-05-09T19:17:01","modified_gmt":"2024-05-09T19:17:01","slug":"wymagania-egzaminacyjne-na-stopnie-kyu","status":"publish","type":"page","link":"https:\/\/karate-nowysacz.pl\/nkskk\/wymagania-egzaminacyjne-na-stopnie-kyu\/","title":{"rendered":"Wymagania egzaminacyjne na stopnie kyu"},"content":{"rendered":"\n<p><\/p>\n\n\n\n<div class=\"wp-block-file\"><a id=\"wp-block-file--media-927fb2da-1070-4192-91ef-9166444f80f3\" href=\"https:\/\/karate-nowysacz.pl\/nkskk\/wp-content\/uploads\/2022\/11\/wymagania_EGZAMIN_KARATE_do_14.pdf\">Wymagania egzaminacyjne dla dzieci poni\u017cej 14 roku \u017cycia<\/a><a href=\"https:\/\/karate-nowysacz.pl\/nkskk\/wp-content\/uploads\/2022\/11\/wymagania_EGZAMIN_KARATE_do_14.pdf\" class=\"wp-block-file__button wp-element-button\" download aria-describedby=\"wp-block-file--media-927fb2da-1070-4192-91ef-9166444f80f3\">Pobierz<\/a><\/div>\n\n\n\n<p><\/p>\n\n\n\n<div class=\"wp-block-file\"><a id=\"wp-block-file--media-371dcbc3-8ed4-46ef-af8f-a39a416ffac9\" href=\"https:\/\/karate-nowysacz.pl\/nkskk\/wp-content\/uploads\/2022\/11\/wymagania_EGZAMIN_KARATE_pow_14.pdf\">Wymagania egzaminacyjne dla os\u00f3b powy\u017cej 14 roku \u017cycia<\/a><a href=\"https:\/\/karate-nowysacz.pl\/nkskk\/wp-content\/uploads\/2022\/11\/wymagania_EGZAMIN_KARATE_pow_14.pdf\" class=\"wp-block-file__button wp-element-button\" download aria-describedby=\"wp-block-file--media-371dcbc3-8ed4-46ef-af8f-a39a416ffac9\">Pobierz<\/a><\/div>\n\n\n\n<div class=\"wp-block-file\"><a id=\"wp-block-file--media-53ca6830-4e5d-4981-a172-55afe57e3250\" href=\"https:\/\/karate-nowysacz.pl\/nkskk\/wp-content\/uploads\/2024\/05\/KARTA_INF_1kyu.pdf\">Karta informacyjna na 1 kyu (aktualizacja 09.05.2024)<\/a><a href=\"https:\/\/karate-nowysacz.pl\/nkskk\/wp-content\/uploads\/2024\/05\/KARTA_INF_1kyu.pdf\" class=\"wp-block-file__button wp-element-button\" download aria-describedby=\"wp-block-file--media-53ca6830-4e5d-4981-a172-55afe57e3250\">Pobierz<\/a><\/div>\n\n\n\n<div class=\"wp-block-file\"><a id=\"wp-block-file--media-025cc91e-03b8-4084-bb7f-c5d49d50783e\" href=\"https:\/\/karate-nowysacz.pl\/nkskk\/wp-content\/uploads\/2024\/05\/KARTA_INF_2kyu.pdf\">Karta informacyjna na 2 kyu (aktualizacja 09.05.2024)<\/a><a href=\"https:\/\/karate-nowysacz.pl\/nkskk\/wp-content\/uploads\/2024\/05\/KARTA_INF_2kyu.pdf\" class=\"wp-block-file__button wp-element-button\" download aria-describedby=\"wp-block-file--media-025cc91e-03b8-4084-bb7f-c5d49d50783e\">Pobierz<\/a><\/div>\n\n\n\n<figure class=\"wp-block-image size-large\"><img loading=\"lazy\" decoding=\"async\" width=\"1024\" height=\"625\" src=\"https:\/\/karate-nowysacz.pl\/nkskk\/wp-content\/uploads\/2022\/11\/wykaz_stopni_kyu-1024x625.jpg\" alt=\"\" class=\"wp-image-1703\" srcset=\"https:\/\/karate-nowysacz.pl\/nkskk\/wp-content\/uploads\/2022\/11\/wykaz_stopni_kyu-1024x625.jpg 1024w, https:\/\/karate-nowysacz.pl\/nkskk\/wp-content\/uploads\/2022\/11\/wykaz_stopni_kyu-300x183.jpg 300w, https:\/\/karate-nowysacz.pl\/nkskk\/wp-content\/uploads\/2022\/11\/wykaz_stopni_kyu-768x469.jpg 768w, https:\/\/karate-nowysacz.pl\/nkskk\/wp-content\/uploads\/2022\/11\/wykaz_stopni_kyu.jpg 1396w\" sizes=\"auto, (max-width: 1024px) 100vw, 1024px\" \/><\/figure>\n","protected":false},"excerpt":{"rendered":"","protected":false},"author":1,"featured_media":0,"parent":0,"menu_order":0,"comment_status":"closed","ping_status":"closed","template":"","meta":{"give_campaign_id":0,"_kadence_starter_templates_imported_post":false,"_kad_post_transparent":"","_kad_post_title":"","_kad_post_layout":"","_kad_post_sidebar_id":"","_kad_post_content_style":"","_kad_post_vertical_padding":"","_kad_post_feature":"","_kad_post_feature_position":"","_kad_post_header":false,"_kad_post_footer":false,"_kad_post_classname":"","footnotes":""},"class_list":["post-1432","page","type-page","status-publish","hentry"],"campaignId":"","_links":{"self":[{"href":"https:\/\/karate-nowysacz.pl\/nkskk\/wp-json\/wp\/v2\/pages\/1432","targetHints":{"allow":["GET"]}}],"collection":[{"href":"https:\/\/karate-nowysacz.pl\/nkskk\/wp-json\/wp\/v2\/pages"}],"about":[{"href":"https:\/\/karate-nowysacz.pl\/nkskk\/wp-json\/wp\/v2\/types\/page"}],"author":[{"embeddable":true,"href":"https:\/\/karate-nowysacz.pl\/nkskk\/wp-json\/wp\/v2\/users\/1"}],"replies":[{"embeddable":true,"href":"https:\/\/karate-nowysacz.pl\/nkskk\/wp-json\/wp\/v2\/comments?post=1432"}],"version-history":[{"count":9,"href":"https:\/\/karate-nowysacz.pl\/nkskk\/wp-json\/wp\/v2\/pages\/1432\/revisions"}],"predecessor-version":[{"id":2254,"href":"https:\/\/karate-nowysacz.pl\/nkskk\/wp-json\/wp\/v2\/pages\/1432\/revisions\/2254"}],"wp:attachment":[{"href":"https:\/\/karate-nowysacz.pl\/nkskk\/wp-json\/wp\/v2\/media?parent=1432"}],"curies":[{"name":"wp","href":"https:\/\/api.w.org\/{rel}","templated":true}]}}