{"id":1584,"date":"2022-09-02T19:08:10","date_gmt":"2022-09-02T19:08:10","guid":{"rendered":"https:\/\/karate-nowysacz.pl\/nkskk\/?page_id=1584"},"modified":"2026-05-07T17:55:36","modified_gmt":"2026-05-07T17:55:36","slug":"viii-turnieju-karate-kyokushin-sari-cup-24-09-2022","status":"publish","type":"page","link":"https:\/\/karate-nowysacz.pl\/nkskk\/viii-turnieju-karate-kyokushin-sari-cup-24-09-2022\/","title":{"rendered":"Zawody\/Turnieje"},"content":{"rendered":"\n<p class=\"has-text-align-center\">ZAPISY na zawody, zgrupowania i egzaminy wy\u0142\u0105cznie w DOJO na treningach,<br>po zakwalifikowaniu przez instruktora\/Sensei prowadz\u0105cego zaj\u0119cia, potwierdzaj\u0105cego umiej\u0119tno\u015bci, znajomo\u015b\u0107 przepis\u00f3w i regulamin\u00f3w kumite,<br>w celu zapewnienia bezpiecze\u0144stwa na imprezach sportowych karate.<\/p>\n\n\n\n<p class=\"has-text-align-center\">Licencja zawodnicza jest warunkiem udzia\u0142u zawodnika reprezentuj\u0105cego klub zrzeszony w PZK, w zawodach sportowych organizowanych przez Polski Zwi\u0105zek Karate.<\/p>\n\n\n<style>.wp-block-kadence-spacer.kt-block-spacer-1584_0a1b3f-ef .kt-block-spacer{height:6px;}.wp-block-kadence-spacer.kt-block-spacer-1584_0a1b3f-ef .kt-divider{border-top-width:1px;height:1px;border-top-color:var(--global-palette1, #3182CE);width:80%;border-top-style:solid;}<\/style>\n<div class=\"wp-block-kadence-spacer aligncenter kt-block-spacer-1584_0a1b3f-ef\"><div class=\"kt-block-spacer kt-block-spacer-halign-center\"><hr class=\"kt-divider\"\/><\/div><\/div>\n\n\n\n<div class=\"wp-block-columns is-layout-flex wp-container-core-columns-is-layout-1 wp-block-columns-is-layout-flex\">\n<div class=\"wp-block-column is-layout-flow wp-block-column-is-layout-flow\" style=\"flex-basis:25%\"><\/div>\n\n\n\n<div class=\"wp-block-column is-layout-flow wp-block-column-is-layout-flow\" style=\"flex-basis:50%\">\n<p class=\"has-text-align-center\">Ma\u0142opolska Liga Karate Kyokushin<br>i Ma\u0142opolska Olimpiada M\u0142odzie\u017cy Karate Kyokushin<br>Zakopane 23.05.2026r.<\/p>\n<\/div>\n\n\n\n<div class=\"wp-block-column is-layout-flow wp-block-column-is-layout-flow\" style=\"flex-basis:25%\"><\/div>\n<\/div>\n\n\n\n<div class=\"wp-block-columns is-layout-flex wp-container-core-columns-is-layout-2 wp-block-columns-is-layout-flex\">\n<div class=\"wp-block-column is-layout-flow wp-block-column-is-layout-flow\" style=\"flex-basis:25%\"><\/div>\n\n\n\n<div class=\"wp-block-column is-layout-flow wp-block-column-is-layout-flow\" style=\"flex-basis:50%\">\n<div class=\"wp-block-file aligncenter\"><a id=\"wp-block-file--media-067844b1-30d3-4a53-8036-99e3803a9610\" href=\"https:\/\/karate-nowysacz.pl\/nkskk\/wp-content\/uploads\/2026\/05\/Zaproszenie-Regulamin-II-Edycja-Malopolskiej-Ligi-Karate-Zakopane.pdf\">Zaproszenie-Regulamin -II Edycja Ma\u0142opolskiej Ligi Karate &#8211; Zakopane<\/a><a href=\"https:\/\/karate-nowysacz.pl\/nkskk\/wp-content\/uploads\/2026\/05\/Zaproszenie-Regulamin-II-Edycja-Malopolskiej-Ligi-Karate-Zakopane.pdf\" class=\"wp-block-file__button wp-element-button\" download aria-describedby=\"wp-block-file--media-067844b1-30d3-4a53-8036-99e3803a9610\">Pobierz<\/a><\/div>\n<\/div>\n\n\n\n<div class=\"wp-block-column is-layout-flow wp-block-column-is-layout-flow\" style=\"flex-basis:25%\"><\/div>\n<\/div>\n\n\n<style>.wp-block-kadence-spacer.kt-block-spacer-1584_008e3d-9b .kt-block-spacer{height:6px;}.wp-block-kadence-spacer.kt-block-spacer-1584_008e3d-9b .kt-divider{border-top-width:1px;height:1px;border-top-color:var(--global-palette1, #3182CE);width:80%;border-top-style:solid;}<\/style>\n<div class=\"wp-block-kadence-spacer aligncenter kt-block-spacer-1584_008e3d-9b\"><div class=\"kt-block-spacer kt-block-spacer-halign-center\"><hr class=\"kt-divider\"\/><\/div><\/div>\n\n\n\n<div class=\"wp-block-columns is-layout-flex wp-container-core-columns-is-layout-3 wp-block-columns-is-layout-flex\">\n<div class=\"wp-block-column is-layout-flow wp-block-column-is-layout-flow\" style=\"flex-basis:25%\"><\/div>\n\n\n\n<div class=\"wp-block-column is-layout-flow wp-block-column-is-layout-flow\" style=\"flex-basis:50%\">\n<p class=\"has-text-align-center\">\u201eONE WORLD ONE KYOKUSHIN\u201d<br>Turniej Karate Kyokushin<br>Limanowa 13.06.2026r.<\/p>\n<\/div>\n\n\n\n<div class=\"wp-block-column is-layout-flow wp-block-column-is-layout-flow\" style=\"flex-basis:25%\"><\/div>\n<\/div>\n\n\n\n<div class=\"wp-block-columns is-layout-flex wp-container-core-columns-is-layout-4 wp-block-columns-is-layout-flex\">\n<div class=\"wp-block-column is-layout-flow wp-block-column-is-layout-flow\" style=\"flex-basis:25%\"><\/div>\n\n\n\n<div class=\"wp-block-column is-layout-flow wp-block-column-is-layout-flow\" style=\"flex-basis:50%\">\n<div class=\"wp-block-file aligncenter\"><a id=\"wp-block-file--media-2764cb93-237e-4204-88c7-95470ca0caf7\" href=\"https:\/\/karate-nowysacz.pl\/nkskk\/wp-content\/uploads\/2026\/05\/REGULAMIN-ONE-WORLD-ONE-KYOKUSHIN-Limanowa-13-06-2026.pdf\">REGULAMIN &#8211; ONE WORLD ONE KYOKUSHIN &#8211; Limanowa, 13 06 2026<\/a><a href=\"https:\/\/karate-nowysacz.pl\/nkskk\/wp-content\/uploads\/2026\/05\/REGULAMIN-ONE-WORLD-ONE-KYOKUSHIN-Limanowa-13-06-2026.pdf\" class=\"wp-block-file__button wp-element-button\" download aria-describedby=\"wp-block-file--media-2764cb93-237e-4204-88c7-95470ca0caf7\">Pobierz<\/a><\/div>\n<\/div>\n\n\n\n<div class=\"wp-block-column is-layout-flow wp-block-column-is-layout-flow\" style=\"flex-basis:25%\"><\/div>\n<\/div>\n\n\n<style>.wp-block-kadence-spacer.kt-block-spacer-1584_38e2d9-93 .kt-block-spacer{height:6px;}.wp-block-kadence-spacer.kt-block-spacer-1584_38e2d9-93 .kt-divider{border-top-width:1px;height:1px;border-top-color:var(--global-palette1, #3182CE);width:80%;border-top-style:solid;}<\/style>\n<div class=\"wp-block-kadence-spacer aligncenter kt-block-spacer-1584_38e2d9-93\"><div class=\"kt-block-spacer kt-block-spacer-halign-center\"><hr class=\"kt-divider\"\/><\/div><\/div>\n\n\n\n<div class=\"wp-block-columns are-vertically-aligned-center is-layout-flex wp-container-core-columns-is-layout-5 wp-block-columns-is-layout-flex\">\n<div class=\"wp-block-column is-vertically-aligned-center is-layout-flow wp-block-column-is-layout-flow\" style=\"flex-basis:25%\"><\/div>\n\n\n\n<div class=\"wp-block-column is-vertically-aligned-center is-layout-flow wp-block-column-is-layout-flow\" style=\"flex-basis:50%\">\n<p class=\"has-text-align-center\">53 Mistrzostwa Polski Karate Kyokushin<br>Mi\u0144sk Mazowiecki 20.06.2026r.<\/p>\n<\/div>\n\n\n\n<div class=\"wp-block-column is-vertically-aligned-center is-layout-flow wp-block-column-is-layout-flow\" style=\"flex-basis:25%\"><\/div>\n<\/div>\n\n\n\n<div class=\"wp-block-columns is-layout-flex wp-container-core-columns-is-layout-6 wp-block-columns-is-layout-flex\">\n<div class=\"wp-block-column is-layout-flow wp-block-column-is-layout-flow\" style=\"flex-basis:25%\"><\/div>\n\n\n\n<div class=\"wp-block-column is-layout-flow wp-block-column-is-layout-flow\" style=\"flex-basis:50%\">\n<div class=\"wp-block-file aligncenter\"><a id=\"wp-block-file--media-21630679-51b4-46d2-bcde-ce06fc983043\" href=\"https:\/\/karate-nowysacz.pl\/nkskk\/wp-content\/uploads\/2026\/05\/53-MP-MINSK-MAZOWIECKI-KOMUNIKAT.pdf\">53 MP MI\u0143SK MAZOWIECKI &#8211; KOMUNIKAT<\/a><a href=\"https:\/\/karate-nowysacz.pl\/nkskk\/wp-content\/uploads\/2026\/05\/53-MP-MINSK-MAZOWIECKI-KOMUNIKAT.pdf\" class=\"wp-block-file__button wp-element-button\" download aria-describedby=\"wp-block-file--media-21630679-51b4-46d2-bcde-ce06fc983043\">Pobierz<\/a><\/div>\n<\/div>\n\n\n\n<div class=\"wp-block-column is-layout-flow wp-block-column-is-layout-flow\" style=\"flex-basis:25%\"><\/div>\n<\/div>\n\n\n<style>.wp-block-kadence-spacer.kt-block-spacer-1584_20cbfd-38 .kt-block-spacer{height:6px;}.wp-block-kadence-spacer.kt-block-spacer-1584_20cbfd-38 .kt-divider{border-top-width:1px;height:1px;border-top-color:var(--global-palette1, #3182CE);width:80%;border-top-style:solid;}<\/style>\n<div class=\"wp-block-kadence-spacer aligncenter kt-block-spacer-1584_20cbfd-38\"><div class=\"kt-block-spacer kt-block-spacer-halign-center\"><hr class=\"kt-divider\"\/><\/div><\/div>\n\n\n\n<div class=\"wp-block-columns is-layout-flex wp-container-core-columns-is-layout-7 wp-block-columns-is-layout-flex\">\n<div class=\"wp-block-column is-layout-flow wp-block-column-is-layout-flow\" style=\"flex-basis:25%\"><\/div>\n\n\n\n<div class=\"wp-block-column is-layout-flow wp-block-column-is-layout-flow\" style=\"flex-basis:50%\">\n<p class=\"has-text-align-center has-theme-palette-1-color has-text-color has-link-color wp-elements-10e121015f1aeb031767411c02cbcde4\"><strong>EGZAMIN KARATE KYOKUSHIN<br>na stopnie szkoleniowe kyu.<br>21.06.2026r (niedziela) 10:00 \u2013 13:00<\/strong><\/p>\n\n\n\n<p class=\"has-text-align-center has-theme-palette-1-color has-text-color has-link-color wp-elements-ce61ca3de8b832767675464a94d76872\"><strong>Hala Sportowo-Widowiskowa MOSIR<\/strong><\/p>\n<\/div>\n\n\n\n<div class=\"wp-block-column is-layout-flow wp-block-column-is-layout-flow\" style=\"flex-basis:25%\"><\/div>\n<\/div>\n\n\n<style>.wp-block-kadence-spacer.kt-block-spacer-1584_6ef4d6-a4 .kt-block-spacer{height:10px;}.wp-block-kadence-spacer.kt-block-spacer-1584_6ef4d6-a4 .kt-divider{border-top-width:1px;height:1px;border-top-color:var(--global-palette1, #3182CE);width:80%;border-top-style:solid;}<\/style>\n<div class=\"wp-block-kadence-spacer aligncenter kt-block-spacer-1584_6ef4d6-a4\"><div class=\"kt-block-spacer kt-block-spacer-halign-center\"><hr class=\"kt-divider\"\/><\/div><\/div>\n\n\n<div class=\"wp-block-image\">\n<figure class=\"aligncenter size-full\"><img loading=\"lazy\" decoding=\"async\" width=\"766\" height=\"676\" src=\"https:\/\/karate-nowysacz.pl\/nkskk\/wp-content\/uploads\/2026\/04\/kalendarz20260430.jpg\" alt=\"\" class=\"wp-image-3050\" srcset=\"https:\/\/karate-nowysacz.pl\/nkskk\/wp-content\/uploads\/2026\/04\/kalendarz20260430.jpg 766w, https:\/\/karate-nowysacz.pl\/nkskk\/wp-content\/uploads\/2026\/04\/kalendarz20260430-300x265.jpg 300w\" sizes=\"auto, (max-width: 766px) 100vw, 766px\" \/><\/figure><\/div>\n\n\n<p><\/p>\n","protected":false},"excerpt":{"rendered":"<p>ZAPISY na zawody, zgrupowania i egzaminy wy\u0142\u0105cznie w DOJO na treningach,po zakwalifikowaniu przez instruktora\/Sensei prowadz\u0105cego zaj\u0119cia, potwierdzaj\u0105cego umiej\u0119tno\u015bci, znajomo\u015b\u0107 przepis\u00f3w i regulamin\u00f3w kumite,w celu zapewnienia bezpiecze\u0144stwa na imprezach sportowych karate. Licencja zawodnicza jest warunkiem udzia\u0142u zawodnika reprezentuj\u0105cego klub zrzeszony w PZK, w zawodach sportowych organizowanych przez Polski Zwi\u0105zek Karate. Ma\u0142opolska Liga Karate Kyokushini Ma\u0142opolska Olimpiada&#8230;<\/p>\n","protected":false},"author":1,"featured_media":0,"parent":0,"menu_order":0,"comment_status":"closed","ping_status":"closed","template":"","meta":{"give_campaign_id":0,"_kadence_starter_templates_imported_post":false,"_kad_post_transparent":"","_kad_post_title":"","_kad_post_layout":"","_kad_post_sidebar_id":"","_kad_post_content_style":"","_kad_post_vertical_padding":"","_kad_post_feature":"","_kad_post_feature_position":"","_kad_post_header":false,"_kad_post_footer":false,"_kad_post_classname":"","footnotes":""},"class_list":["post-1584","page","type-page","status-publish","hentry"],"campaignId":"","_links":{"self":[{"href":"https:\/\/karate-nowysacz.pl\/nkskk\/wp-json\/wp\/v2\/pages\/1584","targetHints":{"allow":["GET"]}}],"collection":[{"href":"https:\/\/karate-nowysacz.pl\/nkskk\/wp-json\/wp\/v2\/pages"}],"about":[{"href":"https:\/\/karate-nowysacz.pl\/nkskk\/wp-json\/wp\/v2\/types\/page"}],"author":[{"embeddable":true,"href":"https:\/\/karate-nowysacz.pl\/nkskk\/wp-json\/wp\/v2\/users\/1"}],"replies":[{"embeddable":true,"href":"https:\/\/karate-nowysacz.pl\/nkskk\/wp-json\/wp\/v2\/comments?post=1584"}],"version-history":[{"count":110,"href":"https:\/\/karate-nowysacz.pl\/nkskk\/wp-json\/wp\/v2\/pages\/1584\/revisions"}],"predecessor-version":[{"id":3057,"href":"https:\/\/karate-nowysacz.pl\/nkskk\/wp-json\/wp\/v2\/pages\/1584\/revisions\/3057"}],"wp:attachment":[{"href":"https:\/\/karate-nowysacz.pl\/nkskk\/wp-json\/wp\/v2\/media?parent=1584"}],"curies":[{"name":"wp","href":"https:\/\/api.w.org\/{rel}","templated":true}]}}